{"id":48,"date":"2016-11-05T10:44:03","date_gmt":"2016-11-05T10:44:03","guid":{"rendered":"http:\/\/www.lafeecarabate.fr\/blog\/?page_id=48"},"modified":"2022-08-07T15:58:06","modified_gmt":"2022-08-07T13:58:06","slug":"mon-offre","status":"publish","type":"page","link":"https:\/\/www.lafeecarabate.fr\/blog\/mon-offre\/","title":{"rendered":"Mon offre"},"content":{"rendered":"<p style=\"text-align: left;\">La f\u00e9e Carabate vous propose les formules de cours suivantes:<\/p>\n<h2>Cours \u00abTechnique\u00bb (dur\u00e9e 3h)<\/h2>\n<p>21\u20ac hors fournitures.<\/p>\n<p>Apprentissage d&rsquo;une technique: d\u00e9monstration puis exercices pratiques.<\/p>\n<p>R\u00e9alisation d&rsquo;une page simple, en y int\u00e9grant la technique mise en avant.<\/p>\n<p>Exemple de cours techniques: le pan pastel, l&rsquo;encre, les tampons, la craie, les stickers etc.<\/p>\n<h2>Cours \u00abGabarit\u00bb (dur\u00e9e 3h)<\/h2>\n<p>21\u20ac hors fournitures<\/p>\n<p>Pr\u00e9sentation de mod\u00e8les \u00e0 partir d&rsquo;un gabarit. Puis r\u00e9alisation d&rsquo;une page avec ce m\u00eame gabarit, mais \u00e0 partir de vos photos.<\/p>\n<p>Je vous propose de travailler 3 cours sur chaque gabarit:<\/p>\n<p>1 cours sur les pages simples<\/p>\n<p>1 cours sur les pages doubles<\/p>\n<p>1 cours sur les pages complexes (pages pli\u00e9es, d\u00e9coup\u00e9es etc.) en g\u00e9n\u00e9ral, ce 3\u00e8me cours est propos\u00e9 sur une journ\u00e9e de formation.<\/p>\n<h2>Cours \u00abDict\u00e9e de page\u00bb (dur\u00e9e 3h)<\/h2>\n<p>21\u20ac hors fournitures<\/p>\n<p>Nous choisissons \u00e0 l&rsquo;avance un mod\u00e8le de page (en g\u00e9n\u00e9ral complexe\u2026)<\/p>\n<p>Je vous donne le descriptif du mat\u00e9riel \u00e0 apporter, et en particulier les caract\u00e9ristiques des photos\u00a0: format, orientation, gros plans ou plans \u00e9loign\u00e9s etc.<br \/>\nNous r\u00e9alisons ensemble la m\u00eame page pas \u00e0 pas (avec vos photos et vos couleurs)<\/p>\n<p>Je vous offre le tutoriel, pour suivre pendant l&rsquo;atelier, et pouvoir refaire la page par la suite.<br \/>\nCette formule permet de r\u00e9aliser plus rapidement une page un peu complexe.<\/p>\n<h2>Formation \u00e0 la journ\u00e9e (dur\u00e9e 7h)<\/h2>\n<p>50\u20ac la journ\u00e9e hors fournitures<\/p>\n<p>Repas \u00e0 votre charge &#8211; Boissons offertes<\/p>\n<p>Tutoriels offerts<br \/>\nUne journ\u00e9e compl\u00e8te de scrap sur un th\u00e8me d\u00e9fini \u00e0 l&rsquo;avance (ou surprise\u2026)<\/p>\n<h2>Formule \u00abSpeed Scrap\u00bb: r\u00e9alisez une page en 30 \u00e0 45 minutes<\/h2>\n<p>21\u20ac hors fournitures<\/p>\n<p>Vous me donnez les photos que vous souhaitez travailler au moins 1 semaine avant l&rsquo;atelier.<\/p>\n<p>Vous d\u00e9finissez les couleurs que vous souhaitez travailler, le gabarit que vous aimeriez utiliser, \u00e9ventuellement le type de d\u00e9cor.<\/p>\n<p>De mon c\u00f4t\u00e9, je r\u00e9fl\u00e9chis \u00e0 la mise en page. Le jour de l&rsquo;atelier vos pages, papiers de fond et \u00e9l\u00e9ments de d\u00e9cor sont pr\u00eats. Je vous donne un croquis avec la proposition de mise en page. Vous r\u00e9alisez votre page en 30 \u00e0 45 minutes. (la dur\u00e9e peut augmenter en fonction du type de d\u00e9cor choisi\u2026)<\/p>\n<h2>IMPORTANT:<\/h2>\n<p>Pendant l&rsquo;atelier, je mets \u00e0 votre disposition mes tampons, pochoirs de d\u00e9cor, encreurs, craies, pastels et feutres.<\/p>\n<p>Le mat\u00e9riel de base et les consommables ne sont pas fournis.<\/p>\n<p>Pour tous les autres cours, vous devez donc apporter votre mat\u00e9riel (Velleda, ciseaux, scotch repositionnable, roulant collant etc.)<\/p>\n<p>Vous devez \u00e9galement apporter ou acheter votre page et vos papiers.<\/p>\n<p>Vous aurez bien sur la possibilit\u00e9 d&rsquo; acheter tout ce qu&rsquo;il vous faut sur place.<\/p>\n<p>Si vous souhaitez utiliser les pan pastels, vous devrez acqu\u00e9rir une \u00e9ponge.<\/p>\n<p>L&rsquo;achat du gabarit n&rsquo;est pas obligatoire, mais est vivement conseill\u00e9. En effet je n&rsquo;ai qu&rsquo;un exemplaire de chaque gabarit, sachant que vous pouvez \u00eatre 6 autour de la table, l&rsquo;attente sera longue si vous devez l&rsquo;utiliser chacune votre tour\u2026<\/p>\n<h2>Cr\u00e9ations personnalis\u00e9es<\/h2>\n<p>Vous aimez le scrapbooking, mais vous n&rsquo;avez pas le temps de r\u00e9aliser vos albums: je scrape pour vous! Vous me fournissez les photos, nous choisissons ensemble vos couleurs, et d\u00e9cors, et je r\u00e9alise vos albums, et vos cadres.<br \/>\nJe r\u00e9alise \u00e9galement vos faire parts, invitations, boites \u00e0 drag\u00e9es, marque places et d\u00e9corations de table pour toutes les occasions importantes telles que mariage, naissance, bapt\u00eame, anniversaire etc.<\/p>\n","protected":false},"excerpt":{"rendered":"<p>La f\u00e9e Carabate vous propose les formules de cours suivantes: Cours \u00abTechnique\u00bb (dur\u00e9e 3h) 21\u20ac hors fournitures. Apprentissage d&rsquo;une technique: d\u00e9monstration puis exercices pratiques. R\u00e9alisation d&rsquo;une page simple, en y int\u00e9grant la technique mise en avant. Exemple de cours techniques: le pan pastel, l&rsquo;encre, les tampons, la craie, les stickers etc. Cours \u00abGabarit\u00bb (dur\u00e9e 3h) [&hellip;]<\/p>\n","protected":false},"author":1,"featured_media":0,"parent":0,"menu_order":0,"comment_status":"closed","ping_status":"closed","template":"","meta":{"footnotes":""},"class_list":["post-48","page","type-page","status-publish","czr-hentry"],"jetpack_sharing_enabled":true,"_links":{"self":[{"href":"https:\/\/www.lafeecarabate.fr\/blog\/wp-json\/wp\/v2\/pages\/48","targetHints":{"allow":["GET"]}}],"collection":[{"href":"https:\/\/www.lafeecarabate.fr\/blog\/wp-json\/wp\/v2\/pages"}],"about":[{"href":"https:\/\/www.lafeecarabate.fr\/blog\/wp-json\/wp\/v2\/types\/page"}],"author":[{"embeddable":true,"href":"https:\/\/www.lafeecarabate.fr\/blog\/wp-json\/wp\/v2\/users\/1"}],"replies":[{"embeddable":true,"href":"https:\/\/www.lafeecarabate.fr\/blog\/wp-json\/wp\/v2\/comments?post=48"}],"version-history":[{"count":15,"href":"https:\/\/www.lafeecarabate.fr\/blog\/wp-json\/wp\/v2\/pages\/48\/revisions"}],"predecessor-version":[{"id":3166,"href":"https:\/\/www.lafeecarabate.fr\/blog\/wp-json\/wp\/v2\/pages\/48\/revisions\/3166"}],"wp:attachment":[{"href":"https:\/\/www.lafeecarabate.fr\/blog\/wp-json\/wp\/v2\/media?parent=48"}],"curies":[{"name":"wp","href":"https:\/\/api.w.org\/{rel}","templated":true}]}}